{"id":1116,"date":"2016-02-09T11:40:52","date_gmt":"2016-02-09T10:40:52","guid":{"rendered":"http:\/\/www.e-cova.it\/contatto\/?lang=fr"},"modified":"2020-05-29T17:47:04","modified_gmt":"2020-05-29T15:47:04","slug":"contacts","status":"publish","type":"page","link":"https:\/\/www.e-cova.it\/fr\/contacts\/","title":{"rendered":"Contacts"},"content":{"rendered":"<div class=\"wpb-content-wrapper\">[vc_row css=\u00a0\u00bb.vc_custom_1455014865906{margin-top: 20px !important;margin-bottom: 20px !important;}\u00a0\u00bb][vc_column width=\u00a0\u00bb1\/3&Prime;][vc_column_text]\r\n<h3 style=\"margin-top: 0;\"><strong>E-COVA<sup>\u00ae<\/sup> s.r.l.<\/strong><\/h3>\r\n<strong>Via Lamari, 15<\/strong> \u2013 26041 \u2013 <strong>CASALMAGGIORE<\/strong> (CR)\r\nTel. +39 <strong>0375 201544<\/strong>\r\n<strong>info@e-cova.it<\/strong>\r\n\r\n<i>Oppure inviaci un messaggio compilando il modulo in questa pagina<\/i>[\/vc_column_text][\/vc_column][vc_column width=\u00a0\u00bb2\/3&Prime;]\n<div class=\"wpcf7 no-js\" id=\"wpcf7-f1309-o1\" lang=\"it-IT\" dir=\"ltr\" data-wpcf7-id=\"1309\">\n<div class=\"screen-reader-response\"><p role=\"status\" aria-live=\"polite\" aria-atomic=\"true\"><\/p> <ul><\/ul><\/div>\n<form action=\"\/fr\/wp-json\/wp\/v2\/pages\/1116#wpcf7-f1309-o1\" method=\"post\" class=\"wpcf7-form init\" aria-label=\"Modulo di contatto\" novalidate=\"novalidate\" data-status=\"init\">\n<fieldset class=\"hidden-fields-container\"><input type=\"hidden\" name=\"_wpcf7\" value=\"1309\" \/><input type=\"hidden\" name=\"_wpcf7_version\" value=\"6.1.3\" \/><input type=\"hidden\" name=\"_wpcf7_locale\" value=\"it_IT\" \/><input type=\"hidden\" name=\"_wpcf7_unit_tag\" value=\"wpcf7-f1309-o1\" \/><input type=\"hidden\" name=\"_wpcf7_container_post\" value=\"0\" \/><input type=\"hidden\" name=\"_wpcf7_posted_data_hash\" value=\"\" \/><input type=\"hidden\" name=\"_wpcf7dtx_version\" value=\"5.0.3\" \/>\n<\/fieldset>\n<div class=\"contatti-form\">\n<span class=\"wpcf7-form-control-wrap mc4wp-LANG\" data-name=\"mc4wp-LANG\"><input type=\"hidden\" name=\"mc4wp-LANG\" class=\"wpcf7-form-control wpcf7-hidden wpcf7dtx wpcf7dtx-hidden\" aria-invalid=\"false\" value=\"FRA\"><\/span>\n\t<div class=\"vc_row\">\n\t\t<div class=\"vc_col-sm-6\">\n\t\t\t<p><span class=\"wpcf7-form-control-wrap\" data-name=\"mc4wp-FNAME\"><input size=\"40\" maxlength=\"400\" class=\"wpcf7-form-control wpcf7-text wpcf7-validates-as-required\" id=\"FNAME\" aria-required=\"true\" aria-invalid=\"false\" placeholder=\"Pr\u00e9nom*\" value=\"\" type=\"text\" name=\"mc4wp-FNAME\" \/><\/span>\n\t\t\t<\/p>\n\t\t<\/div>\n\t\t<div class=\"vc_col-sm-6\">\n\t\t\t<p><span class=\"wpcf7-form-control-wrap\" data-name=\"mc4wp-LNAME\"><input size=\"40\" maxlength=\"400\" class=\"wpcf7-form-control wpcf7-text wpcf7-validates-as-required\" id=\"LNAME\" aria-required=\"true\" aria-invalid=\"false\" placeholder=\"Nom de famille*\" value=\"\" type=\"text\" name=\"mc4wp-LNAME\" \/><\/span>\n\t\t\t<\/p>\n\t\t<\/div>\n\t<\/div>\n\t<div class=\"vc_row\">\n\t\t<div class=\"vc_col-sm-12\">\n\t\t\t<p><span class=\"wpcf7-form-control-wrap\" data-name=\"mc4wp-AZIENDA\"><input size=\"40\" maxlength=\"400\" class=\"wpcf7-form-control wpcf7-text wpcf7-validates-as-required\" id=\"AZIENDA\" aria-required=\"true\" aria-invalid=\"false\" placeholder=\"Compagnie*\" value=\"\" type=\"text\" name=\"mc4wp-AZIENDA\" \/><\/span>\n\t\t\t<\/p>\n\t\t<\/div>\n\t<\/div>\n\t<div class=\"vc_row\">\n\t\t<div class=\"vc_col-sm-6\">\n\t\t\t<p><span class=\"wpcf7-form-control-wrap\" data-name=\"mc4wp-EMAIL\"><input size=\"40\" maxlength=\"400\" class=\"wpcf7-form-control wpcf7-email wpcf7-validates-as-required wpcf7-text wpcf7-validates-as-email\" id=\"EMAIL\" aria-required=\"true\" aria-invalid=\"false\" placeholder=\"Adresse e-mail*\" value=\"\" type=\"email\" name=\"mc4wp-EMAIL\" \/><\/span>\n\t\t\t<\/p>\n\t\t<\/div>\n\t\t<div class=\"vc_col-sm-6\">\n\t\t\t<p><span class=\"wpcf7-form-control-wrap\" data-name=\"mc4wp-TEL\"><input size=\"40\" maxlength=\"400\" class=\"wpcf7-form-control wpcf7-text\" id=\"TEL\" aria-invalid=\"false\" placeholder=\"Num\u00e9ro de t\u00e9l\u00e9phone\" value=\"\" type=\"text\" name=\"mc4wp-TEL\" \/><\/span>\n\t\t\t<\/p>\n\t\t<\/div>\n\t<\/div>\n\t<div class=\"vc_row\">\n\t\t<div class=\"vc_col-sm-12 fullwidthcol\">\n\t\t\t<p><span class=\"wpcf7-form-control-wrap\" data-name=\"MESSAGGIO\"><textarea cols=\"40\" rows=\"10\" maxlength=\"2000\" class=\"wpcf7-form-control wpcf7-textarea\" aria-invalid=\"false\" placeholder=\"Ecrivez votre message ici\" name=\"MESSAGGIO\"><\/textarea><\/span>\n\t\t\t<\/p>\n\t\t<\/div>\n\t<\/div>\n\t<p><!-- MailChimp for WordPress Pro v2.7.6 - https:\/\/mc4wp.com\/ --><p id=\"mc4wp-checkbox\" class=\"mc4wp-checkbox-contact_form_7\"><label><input type=\"checkbox\" name=\"mc4wp-subscribe\" value=\"1\" \/> Je veux me inscrire \u00e0 la Newsletter.<\/label><\/p><textarea name=\"_mc4wp_required_but_not_really\" style=\"display: none !important;\"><\/textarea><!-- \/ MailChimp for WordPress Pro --><span class=\"wpcf7-form-control-wrap\" data-name=\"privacy\"><span class=\"wpcf7-form-control wpcf7-acceptance\"><span class=\"wpcf7-list-item\"><input type=\"checkbox\" name=\"privacy\" value=\"1\" id=\"privacy\" aria-invalid=\"false\" \/><\/span><\/span><\/span><span class=\"privacy privacytext smalltext\">J'ai lu votre vie <a href=\"#\">priv\u00e9e note<\/a> et suis d'accord avec elle.<br \/>\n<\/span><br \/>\n<input class=\"wpcf7-form-control wpcf7-submit has-spinner\" type=\"submit\" value=\"Envoyer votre message\" \/>\n\t<\/p>\n\t<p><small>* Champs obligatoires.<\/small>\n\t<\/p>\n<\/div><input type='hidden' class='wpcf7-pum' value='{\"closepopup\":false,\"closedelay\":0,\"openpopup\":false,\"openpopup_id\":0}' \/><div class=\"wpcf7-response-output\" aria-hidden=\"true\"><\/div>\n<\/form>\n<\/div>\n[\/vc_column][\/vc_row]<\/div>","protected":false},"excerpt":{"rendered":"[vc_row css=\u00a0\u00bb.vc_custom_1455014865906{margin-top: 20px !important;margin-bottom: 20px !important;}\u00a0\u00bb][vc_column width=\u00a0\u00bb1\/3&Prime;][vc_column_text] E-COVA\u00ae s.r.l. Via Lamari, 15 \u2013 26041 \u2013 CASALMAGGIORE (CR) Tel. +39 0375 201544 info@e-cova.it Oppure inviaci un messaggio compilando il modulo in questa pagina[\/vc_column_text][\/vc_column][vc_column width=\u00a0\u00bb2\/3&Prime;][\/vc_column][\/vc_row]","protected":false},"author":1,"featured_media":0,"parent":0,"menu_order":0,"comment_status":"closed","ping_status":"closed","template":"","meta":{"_acf_changed":false,"om_disable_all_campaigns":false,"_monsterinsights_skip_tracking":false,"_monsterinsights_sitenote_active":false,"_monsterinsights_sitenote_note":"","_monsterinsights_sitenote_category":0,"_uf_show_specific_survey":0,"_uf_disable_surveys":false,"footnotes":""},"class_list":["post-1116","page","type-page","status-publish","hentry"],"acf":[],"aioseo_notices":[],"_links":{"self":[{"href":"https:\/\/www.e-cova.it\/fr\/wp-json\/wp\/v2\/pages\/1116","targetHints":{"allow":["GET"]}}],"collection":[{"href":"https:\/\/www.e-cova.it\/fr\/wp-json\/wp\/v2\/pages"}],"about":[{"href":"https:\/\/www.e-cova.it\/fr\/wp-json\/wp\/v2\/types\/page"}],"author":[{"embeddable":true,"href":"https:\/\/www.e-cova.it\/fr\/wp-json\/wp\/v2\/users\/1"}],"replies":[{"embeddable":true,"href":"https:\/\/www.e-cova.it\/fr\/wp-json\/wp\/v2\/comments?post=1116"}],"version-history":[{"count":0,"href":"https:\/\/www.e-cova.it\/fr\/wp-json\/wp\/v2\/pages\/1116\/revisions"}],"wp:attachment":[{"href":"https:\/\/www.e-cova.it\/fr\/wp-json\/wp\/v2\/media?parent=1116"}],"curies":[{"name":"wp","href":"https:\/\/api.w.org\/{rel}","templated":true}]}}