{"id":1110,"date":"2016-02-09T08:50:53","date_gmt":"2016-02-09T07:50:53","guid":{"rendered":"http:\/\/www.e-cova.it\/produzione-polverino-e-sfilacciato-di-gomma\/?lang=fr"},"modified":"2025-09-15T13:46:43","modified_gmt":"2025-09-15T11:46:43","slug":"production","status":"publish","type":"page","link":"https:\/\/www.e-cova.it\/fr\/production\/","title":{"rendered":"Production"},"content":{"rendered":"<div class=\"wpb-content-wrapper\">[vc_row css=\u00a0\u00bb.vc_custom_1455006630304{margin-top: 10px !important;}\u00a0\u00bb][vc_column][vc_column_text css=\u00a0\u00bb\u00a0\u00bb]<img loading=\"lazy\" decoding=\"async\" class=\"nomargintop wp-image-1675 size-medium alignleft\" src=\"https:\/\/www.e-cova.it\/wp-content\/uploads\/2020\/05\/IMG_3752-300x225.jpg\" alt=\"paillis de caoutchouc - E-Cova\" width=\"300\" height=\"225\" srcset=\"https:\/\/www.e-cova.it\/wp-content\/uploads\/2020\/05\/IMG_3752-300x225.jpg 300w, https:\/\/www.e-cova.it\/wp-content\/uploads\/2020\/05\/IMG_3752-1024x768.jpg 1024w\" sizes=\"auto, (max-width: 300px) 100vw, 300px\" \/>\r\n\r\nGr\u00e2ce aux machines fabriqu\u00e9es par nous et brevet\u00e9es, on peut obtenir de la poussi\u00e8re et des effiloches en diff\u00e9rentes mesures, selon les besoins de chaque Client et assurer un approvisionnement constant de mat\u00e9riel.\r\n\r\nNos produits:\r\n\r\n<strong><a href=\"https:\/\/www.e-cova.it\/fr\/poudre-de-caoutchouc\/\">Poudrette<\/a><\/strong>: c\u2019est le mat\u00e9riel le plus fin issu du traitement dei pneus solides du chariot \u00e9l\u00e9vateur. Il est surtout utilis\u00e9 dans les b\u00e2timents pour cr\u00e9er des panneaux isolants. Il est utilis\u00e9e aussi pour le d\u00e9veloppement des compos\u00e9s des pneus neufs.\r\n\r\n<strong>Effiloche<\/strong>: il a une forme longue et mince; il est g\u00e9n\u00e9ralement utilis\u00e9 pour cr\u00e9er des panneaux d\u2019isolation, des tables anti-vibrations pour les voies ferr\u00e9es et le pavage anti-shock dans les parcs de jeux pour les enfants.\r\n\r\n<strong>Paillis<\/strong>: il ressemble beaucoup a l\u2019\u00e9corce qui est mise comme d\u00e9coration dans les lits de fleurs. Dans de nombreux cas, surtout \u00e0 l\u2019\u00e9tranger, a m\u00eame eu lieu. Et cela pour plusieurs raisons: la caoutchouc naturel avec lequel sont fabriqu\u00e9s les pneus solides, ne s\u2019effrite pas et surtout ne s\u2019enflamme pas facilement! Il faut 300\u00b0 C environ de chaleur pour enflammer le caoutchouc naturel. En outre, les plantes et les arbustes ne sont pas en danger: en effet, il est v\u00e9rifi\u00e9 que le caoutchouc par rapport au cortex, emp\u00eache la croissance des \u00ab\u00a0mauvaises herbes\u00a0\u00bb.\r\n\r\n<!--StartFragment -->De plus, nous sommes en mesure de commercialiser des produits fabriqu\u00e9s par des entreprises partenaires, en offrant \u00e0 nos clients un catalogue diversifi\u00e9 qui allie accessibilit\u00e9 et normes \u00e9lev\u00e9es, tels que :\r\n<ul>\r\n \t<li>Granul\u00e9s de caoutchouc SBR 1-4 mm<\/li>\r\n \t<li>Granul\u00e9s de caoutchouc SBR 2-4 mm<\/li>\r\n<\/ul>\r\nPour en savoir plus sur nos produits ou d\u00e9couvrir des solutions sur mesure, notre \u00e9quipe est \u00e0 votre enti\u00e8re disposition. Contactez-nous d\u00e8s aujourd\u2019hui \u2014 nous serons ravis de vous accompagner.\r\n\r\n<!--EndFragment --><a href=\"https:\/\/www.linkedin.com\/company\/e-cova-soluzioni-eco-logiche\">LinkedIn<\/a>\r\n\r\n<a href=\"https:\/\/www.facebook.com\/eco.cova\">Facebook<\/a>\r\n\r\n<a href=\"https:\/\/www.youtube.com\/channel\/UC_fo4VncappmkX8LJy6yR-g\">Youtube<\/a>\r\n\r\n<iframe loading=\"lazy\" src=\"\/\/www.youtube.com\/embed\/mpA5D6vrWeY\" width=\"560\" height=\"315\" frameborder=\"0\" allowfullscreen=\"allowfullscreen\"><\/iframe>[\/vc_column_text][vc_single_image image=\u00a0\u00bb953&Prime; img_size=\u00a0\u00bbfull\u00a0\u00bb alignment=\u00a0\u00bbcenter\u00a0\u00bb css=\u00a0\u00bb.vc_custom_1455007048436{margin-top: 20px !important;margin-bottom: 20px !important;}\u00a0\u00bb][vc_column_text][\/vc_column_text][vc_single_image image=\u00a0\u00bb965&Prime; img_size=\u00a0\u00bbfull\u00a0\u00bb alignment=\u00a0\u00bbcenter\u00a0\u00bb css=\u00a0\u00bb.vc_custom_1455012482973{margin-top: 20px !important;margin-bottom: 5px !important;}\u00a0\u00bb][\/vc_column][\/vc_row]<\/div>","protected":false},"excerpt":{"rendered":"[vc_row css=\u00a0\u00bb.vc_custom_1455006630304{margin-top: 10px !important;}\u00a0\u00bb][vc_column][vc_column_text css=\u00a0\u00bb\u00a0\u00bb] Gr\u00e2ce aux machines fabriqu\u00e9es par nous et brevet\u00e9es, on peut obtenir de la poussi\u00e8re et des effiloches en diff\u00e9rentes mesures, selon les besoins de chaque Client et assurer un approvisionnement constant de mat\u00e9riel. Nos produits: Poudrette: c\u2019est le mat\u00e9riel le plus fin issu [&hellip;]","protected":false},"author":1,"featured_media":1675,"parent":0,"menu_order":0,"comment_status":"open","ping_status":"closed","template":"","meta":{"_acf_changed":false,"om_disable_all_campaigns":false,"_monsterinsights_skip_tracking":false,"_monsterinsights_sitenote_active":false,"_monsterinsights_sitenote_note":"","_monsterinsights_sitenote_category":0,"_uf_show_specific_survey":0,"_uf_disable_surveys":false,"footnotes":""},"class_list":["post-1110","page","type-page","status-publish","has-post-thumbnail","hentry"],"acf":[],"aioseo_notices":[],"_links":{"self":[{"href":"https:\/\/www.e-cova.it\/fr\/wp-json\/wp\/v2\/pages\/1110","targetHints":{"allow":["GET"]}}],"collection":[{"href":"https:\/\/www.e-cova.it\/fr\/wp-json\/wp\/v2\/pages"}],"about":[{"href":"https:\/\/www.e-cova.it\/fr\/wp-json\/wp\/v2\/types\/page"}],"author":[{"embeddable":true,"href":"https:\/\/www.e-cova.it\/fr\/wp-json\/wp\/v2\/users\/1"}],"replies":[{"embeddable":true,"href":"https:\/\/www.e-cova.it\/fr\/wp-json\/wp\/v2\/comments?post=1110"}],"version-history":[{"count":4,"href":"https:\/\/www.e-cova.it\/fr\/wp-json\/wp\/v2\/pages\/1110\/revisions"}],"predecessor-version":[{"id":2527,"href":"https:\/\/www.e-cova.it\/fr\/wp-json\/wp\/v2\/pages\/1110\/revisions\/2527"}],"wp:featuredmedia":[{"embeddable":true,"href":"https:\/\/www.e-cova.it\/fr\/wp-json\/wp\/v2\/media\/1675"}],"wp:attachment":[{"href":"https:\/\/www.e-cova.it\/fr\/wp-json\/wp\/v2\/media?parent=1110"}],"curies":[{"name":"wp","href":"https:\/\/api.w.org\/{rel}","templated":true}]}}