{"id":1101,"date":"2016-02-09T08:44:55","date_gmt":"2016-02-09T07:44:55","guid":{"rendered":"http:\/\/www.e-cova.it\/autorizzazioni\/?lang=fr"},"modified":"2025-09-11T17:50:23","modified_gmt":"2025-09-11T15:50:23","slug":"autorisation","status":"publish","type":"page","link":"https:\/\/www.e-cova.it\/fr\/autorisation\/","title":{"rendered":"Autorisation"},"content":{"rendered":"<div class=\"wpb-content-wrapper\">[vc_row css=\u00a0\u00bb.vc_custom_1456071993499{margin-top: 30px !important;}\u00a0\u00bb][vc_column width=\u00a0\u00bb3\/4&Prime;][vc_column_text css=\u00a0\u00bb\u00a0\u00bb]Nous avons l\u2019autorisation pour le code CER 160103 pour retirer les pneus pleins hors d&rsquo;usage, qui son consid\u00e9r\u00e9s d\u00e9chets sp\u00e9ciaux. Si vous nous donnez vos pneus, vous aurez la certitude qu\u2019ils seront recycl\u00e9s correctement. Ainsi, vous n\u2019aurez pas la responsabilit\u00e9 d\u2019une \u00e9limination inad\u00e9quate et vous serez en r\u00e8gle avec la loi en vigueur. Ensemble, on peut r\u00e9duire la pollution. Si on consomme moins de mati\u00e8res premi\u00e8res, moins d\u2019\u00e9nergie viendra utilis\u00e9e et le monde deviendra plus propre.\r\n\r\nAucun pneu sera envoy\u00e9 aux sites d\u2019enfouissement. Ils seront transform\u00e9s en poudrette, effiloches et <a href=\"https:\/\/www.e-cova.it\/fr\/production\/\">paillis<\/a>. M\u00eame dans ce cas, vos pneus usag\u00e9s produiront des nouveaux objets pour la vie quotidienne.<img loading=\"lazy\" decoding=\"async\" class=\"alignright size-medium wp-image-2501\" src=\"https:\/\/www.e-cova.it\/wp-content\/uploads\/2025\/06\/autorizzazioni-300x300.png\" alt=\"Autorizzazione cer 160103 E-Cova\" width=\"300\" height=\"300\" srcset=\"https:\/\/www.e-cova.it\/wp-content\/uploads\/2025\/06\/autorizzazioni-300x300.png 300w, https:\/\/www.e-cova.it\/wp-content\/uploads\/2025\/06\/autorizzazioni-150x150.png 150w, https:\/\/www.e-cova.it\/wp-content\/uploads\/2025\/06\/autorizzazioni.png 1024w\" sizes=\"auto, (max-width: 300px) 100vw, 300px\" \/>\r\n<h3><a href=\"https:\/\/www.linkedin.com\/company\/e-cova-soluzioni-eco-logiche\">Suivez nos derni\u00e8res nouveaut\u00e9s<\/a><\/h3>\r\n[\/vc_column_text][\/vc_column][\/vc_row]<\/div>","protected":false},"excerpt":{"rendered":"[vc_row css=\u00a0\u00bb.vc_custom_1456071993499{margin-top: 30px !important;}\u00a0\u00bb][vc_column width=\u00a0\u00bb3\/4&Prime;][vc_column_text css=\u00a0\u00bb\u00a0\u00bb]Nous avons l\u2019autorisation pour le code CER 160103 pour retirer les pneus pleins hors d&rsquo;usage, qui son consid\u00e9r\u00e9s d\u00e9chets sp\u00e9ciaux. Si vous nous donnez vos pneus, vous aurez la certitude qu\u2019ils seront recycl\u00e9s correctement. Ainsi, vous n\u2019aurez pas la responsabilit\u00e9 d\u2019une \u00e9limination inad\u00e9quate [&hellip;]","protected":false},"author":1,"featured_media":2501,"parent":0,"menu_order":0,"comment_status":"open","ping_status":"closed","template":"","meta":{"_acf_changed":false,"om_disable_all_campaigns":false,"_monsterinsights_skip_tracking":false,"_monsterinsights_sitenote_active":false,"_monsterinsights_sitenote_note":"","_monsterinsights_sitenote_category":0,"_uf_show_specific_survey":0,"_uf_disable_surveys":false,"footnotes":""},"class_list":["post-1101","page","type-page","status-publish","has-post-thumbnail","hentry"],"acf":[],"aioseo_notices":[],"_links":{"self":[{"href":"https:\/\/www.e-cova.it\/fr\/wp-json\/wp\/v2\/pages\/1101","targetHints":{"allow":["GET"]}}],"collection":[{"href":"https:\/\/www.e-cova.it\/fr\/wp-json\/wp\/v2\/pages"}],"about":[{"href":"https:\/\/www.e-cova.it\/fr\/wp-json\/wp\/v2\/types\/page"}],"author":[{"embeddable":true,"href":"https:\/\/www.e-cova.it\/fr\/wp-json\/wp\/v2\/users\/1"}],"replies":[{"embeddable":true,"href":"https:\/\/www.e-cova.it\/fr\/wp-json\/wp\/v2\/comments?post=1101"}],"version-history":[{"count":3,"href":"https:\/\/www.e-cova.it\/fr\/wp-json\/wp\/v2\/pages\/1101\/revisions"}],"predecessor-version":[{"id":2519,"href":"https:\/\/www.e-cova.it\/fr\/wp-json\/wp\/v2\/pages\/1101\/revisions\/2519"}],"wp:featuredmedia":[{"embeddable":true,"href":"https:\/\/www.e-cova.it\/fr\/wp-json\/wp\/v2\/media\/2501"}],"wp:attachment":[{"href":"https:\/\/www.e-cova.it\/fr\/wp-json\/wp\/v2\/media?parent=1101"}],"curies":[{"name":"wp","href":"https:\/\/api.w.org\/{rel}","templated":true}]}}