{"id":1096,"date":"2016-02-09T08:44:05","date_gmt":"2016-02-09T07:44:05","guid":{"rendered":"http:\/\/www.e-cova.it\/ambiente\/?lang=fr"},"modified":"2025-09-11T16:55:58","modified_gmt":"2025-09-11T14:55:58","slug":"environnement","status":"publish","type":"page","link":"https:\/\/www.e-cova.it\/fr\/environnement\/","title":{"rendered":"Environnement"},"content":{"rendered":"<div class=\"wpb-content-wrapper\">[vc_row css=\u00a0\u00bb.vc_custom_1456071451842{margin-top: 30px !important;}\u00a0\u00bb][vc_column][vc_column_text css=\u00a0\u00bb\u00a0\u00bb]<img loading=\"lazy\" decoding=\"async\" class=\"xs100 alignleft wp-image-1050 size-thumbnail\" src=\"http:\/\/www.e-cova.it\/wp-content\/uploads\/2016\/02\/ambiente-logo-150x150.png\" alt=\"E-Cova - Recupero e trasformazione gomme superelastiche - Produzione polverino e sfilacciato di gomma - Ambiente\" width=\"150\" height=\"150\" srcset=\"https:\/\/www.e-cova.it\/wp-content\/uploads\/2016\/02\/ambiente-logo-150x150.png 150w, https:\/\/www.e-cova.it\/wp-content\/uploads\/2016\/02\/ambiente-logo.png 230w\" sizes=\"auto, (max-width: 150px) 100vw, 150px\" \/>\r\n\r\nLes gens ont toujours pens\u00e9 que la terre avait infinies sources d\u2019\u00e9nergie et de mati\u00e8res premi\u00e8res. Ils croyaient que leur comportement n\u2019aurait pas influ\u00e9 la disponibilit\u00e9 de ces mati\u00e8res et sur la pollution de l\u2019environnement. Au contraire, aujourd\u2019hui il est clair pour tout le monde que la sauvegarde de l\u2019environnement d\u00e9pend de nos actions quotidiennes.\r\n\r\nLes pneus pleins solides qui ont termin\u00e9 leur usage constituent un probl\u00e8me de pollution. Si on analyse la situation de l\u2019Europe, on d\u00e9couvre que chaque ann\u00e9e dizaines de milliers de tonnes sont envoy\u00e9es aux sites d\u2019enfouissement. Afin de mieux comprendre les effets que les d\u00e9chets ont sur l\u2019environnement, prenez en compte certains donn\u00e9es. Par exemple, un m\u00e9got de cigarette se d\u00e9compose en deux ans, une canette d\u2019aluminium en une centaine d\u2019ann\u00e9es et il faut un millier d\u2019ann\u00e9es pour une bouteille en verre. Et les pneus usag\u00e9s? On ne sait pas encore, mais on estime qu\u2019il faut plusieurs milliers d\u2019ann\u00e9es \u00e0 un pneu pour se d\u00e9composer.\r\n\r\nLa Directive Europ\u00e9enne 1999\/31 EC interdit d\u2019emporter les pneus usag\u00e9s dans les d\u00e9charges. Bien que les pneus pleins solides du chariot \u00e9l\u00e9vateur ne soient pas l\u2019unique sujet de la loi, c\u2019est tr\u00e8s important les recycler pour obtenir une \u00e9conomie consid\u00e9rable en termes de mat\u00e9riaux (surtout caoutchouc naturel) et d\u2019\u00e9nergie.\r\n\r\nDonc, nous avons con\u00e7u des machines qui nous permet de traiter les pneus pleins solides hors d&rsquo;usage.\r\n\r\nLe <a href=\"https:\/\/www.e-cova.it\/fr\/production\/\">produits<\/a> qu&rsquo;on obtient apr\u00e8s le recyclage des pneus pleins solides sont utilis\u00e9s dans plusieurs domaines d&rsquo;application. Par exemple, les panneaux d\u2019isolation, les tables anti-vibrations pour les voies ferr\u00e9es et le sous-couche du sol souple dans les aires de jeux pour les enfants.\r\n\r\nMais ce n\u2019est pas fini: \u00e0 l\u2019avenir nouvelles techniques vont ramener tous les gommes usag\u00e9es \u00e0 caoutchouc pur gr\u00e2ce \u00e0 une technique appel\u00e9e \u00ab\u00a0d\u00e9polym\u00e9risation\u00a0\u00bb qui est \u00e9tudi\u00e9e actuellement des meilleurs chimistes de renomm\u00e9e internationale.\r\n<h3><a href=\"https:\/\/www.linkedin.com\/company\/e-cova-soluzioni-eco-logiche\">Suivez nos derni\u00e8res nouveaut\u00e9s<\/a><\/h3>\r\n[\/vc_column_text][\/vc_column][\/vc_row][vc_row css=\u00a0\u00bb.vc_custom_1456071473409{margin-top: 30px !important;}\u00a0\u00bb][vc_column width=\u00a0\u00bb1\/2&Prime;][vc_single_image image=\u00a0\u00bb1177&Prime; img_size=\u00a0\u00bbfull\u00a0\u00bb alignment=\u00a0\u00bbcenter\u00a0\u00bb onclick=\u00a0\u00bbimg_link_large\u00a0\u00bb][\/vc_column][vc_column width=\u00a0\u00bb1\/2&Prime;][vc_single_image image=\u00a0\u00bb1180&Prime; img_size=\u00a0\u00bbfull\u00a0\u00bb alignment=\u00a0\u00bbcenter\u00a0\u00bb onclick=\u00a0\u00bbimg_link_large\u00a0\u00bb][\/vc_column][\/vc_row]<\/div>","protected":false},"excerpt":{"rendered":"[vc_row css=\u00a0\u00bb.vc_custom_1456071451842{margin-top: 30px !important;}\u00a0\u00bb][vc_column][vc_column_text css=\u00a0\u00bb\u00a0\u00bb] Les gens ont toujours pens\u00e9 que la terre avait infinies sources d\u2019\u00e9nergie et de mati\u00e8res premi\u00e8res. Ils croyaient que leur comportement n\u2019aurait pas influ\u00e9 la disponibilit\u00e9 de ces mati\u00e8res et sur la pollution de l\u2019environnement. Au contraire, aujourd\u2019hui il est clair pour tout [&hellip;]","protected":false},"author":1,"featured_media":1097,"parent":0,"menu_order":0,"comment_status":"open","ping_status":"closed","template":"","meta":{"_acf_changed":false,"om_disable_all_campaigns":false,"_monsterinsights_skip_tracking":false,"_monsterinsights_sitenote_active":false,"_monsterinsights_sitenote_note":"","_monsterinsights_sitenote_category":0,"_uf_show_specific_survey":0,"_uf_disable_surveys":false,"footnotes":""},"class_list":["post-1096","page","type-page","status-publish","has-post-thumbnail","hentry"],"acf":[],"aioseo_notices":[],"_links":{"self":[{"href":"https:\/\/www.e-cova.it\/fr\/wp-json\/wp\/v2\/pages\/1096","targetHints":{"allow":["GET"]}}],"collection":[{"href":"https:\/\/www.e-cova.it\/fr\/wp-json\/wp\/v2\/pages"}],"about":[{"href":"https:\/\/www.e-cova.it\/fr\/wp-json\/wp\/v2\/types\/page"}],"author":[{"embeddable":true,"href":"https:\/\/www.e-cova.it\/fr\/wp-json\/wp\/v2\/users\/1"}],"replies":[{"embeddable":true,"href":"https:\/\/www.e-cova.it\/fr\/wp-json\/wp\/v2\/comments?post=1096"}],"version-history":[{"count":2,"href":"https:\/\/www.e-cova.it\/fr\/wp-json\/wp\/v2\/pages\/1096\/revisions"}],"predecessor-version":[{"id":2516,"href":"https:\/\/www.e-cova.it\/fr\/wp-json\/wp\/v2\/pages\/1096\/revisions\/2516"}],"wp:featuredmedia":[{"embeddable":true,"href":"https:\/\/www.e-cova.it\/fr\/wp-json\/wp\/v2\/media\/1097"}],"wp:attachment":[{"href":"https:\/\/www.e-cova.it\/fr\/wp-json\/wp\/v2\/media?parent=1096"}],"curies":[{"name":"wp","href":"https:\/\/api.w.org\/{rel}","templated":true}]}}