{"id":1090,"date":"2016-02-07T18:18:27","date_gmt":"2016-02-07T17:18:27","guid":{"rendered":"http:\/\/www.e-cova.it\/azienda\/?lang=fr"},"modified":"2025-09-17T11:41:20","modified_gmt":"2025-09-17T09:41:20","slug":"azienda","status":"publish","type":"page","link":"https:\/\/www.e-cova.it\/fr\/azienda\/","title":{"rendered":"La Soci\u00e9t\u00e9"},"content":{"rendered":"<div class=\"wpb-content-wrapper\">[vc_row][vc_column][vc_column_text css=\u00a0\u00bb.vc_custom_1457018852169{margin-top: 0px !important;margin-bottom: 20px !important;}\u00a0\u00bb]\r\n<h1>Notre projet pour la sauvegarde de l\u2019environnement<\/h1>\r\n[\/vc_column_text][vc_column_text css=\u00a0\u00bb\u00a0\u00bb]<img loading=\"lazy\" decoding=\"async\" class=\"alignleft wp-image-895 size-thumbnail\" src=\"http:\/\/www.e-cova.it\/wp-content\/uploads\/2015\/09\/logoscelto_ecova-150x150.png\" alt=\"E-Cova - Recupero e trasformazione gomme superelastiche - Produzione polverino e sfilacciato di gomma\" width=\"150\" height=\"150\" \/>\r\n\r\nChez E-COVA on a de la sensibilit\u00e9 pour l\u2019environnement et nous avons cr\u00e9e <strong>une entreprise innovatrice qui regarde vers l\u2019avenir<\/strong>. Notre r\u00f4le principal est de proposer des solutions efficaces pour recycler les pneus pleins du chariot \u00e9l\u00e9vateur. Donc, nous sommes sp\u00e9cialis\u00e9s en g\u00e9nie m\u00e9canique pour <strong>effilocher les pneus pleins<\/strong>.\r\n<h3>Le service<\/h3>\r\n<h4>Nous pouvons collecter vos pneus pleins solides et les bandes de caoutchouc usag\u00e9s. Pour approfondir ce sujet, visitez la <a href=\"https:\/\/www.e-cova.it\/fr\/collecte-des-pneus-pleins-solides-usages\/\">page<\/a> d\u00e9di\u00e9e.<\/h4>\r\n<!--StartFragment -->Nous pouvons collecter vos <strong>pneus pleins solides<\/strong> ainsi que vos <strong>bandes de caoutchouc usag\u00e9es<\/strong>, directement sur site ou selon un calendrier adapt\u00e9 \u00e0 vos besoins logistiques. Cette d\u00e9marche s\u2019inscrit dans une politique de gestion responsable des d\u00e9chets industriels, visant \u00e0 r\u00e9duire leur impact environnemental tout en favorisant leur r\u00e9int\u00e9gration dans des cycles de production durables.\r\n\r\nNotre service de collecte est rapide, efficace et conforme aux normes en vigueur. Une fois r\u00e9cup\u00e9r\u00e9s, les mat\u00e9riaux sont achemin\u00e9s vers notre centre de traitement o\u00f9 ils sont tri\u00e9s, analys\u00e9s et pr\u00e9par\u00e9s pour le recyclage. Gr\u00e2ce \u00e0 des proc\u00e9d\u00e9s techniques avanc\u00e9s, nous sommes en mesure de transformer ces d\u00e9chets en <strong>mati\u00e8res premi\u00e8res secondaires<\/strong> utilisables dans divers secteurs industriels : construction, mobilier urbain, rev\u00eatements, etc.\r\n\r\n<!--EndFragment -->\r\n<h3>Les produits<\/h3>\r\n<h4>Nous produisons de la <a href=\"https:\/\/www.e-cova.it\/fr\/poudre-de-caoutchouc\/\">poudrette<\/a>, des <a href=\"https:\/\/www.e-cova.it\/fr\/production\/\">effiloches<\/a> et des paillis dans diff\u00e9rentes mesures. Ceux-la sont une mati\u00e8re pr\u00e9mi\u00e8re s\u00e9conde pour la manufacture de nouveaux produits dans le domain de construction.<\/h4>\r\nNous produisons de la poudrette, des effiloches et des paillis dans diff\u00e9rentes granulom\u00e9tries, adapt\u00e9es aux besoins sp\u00e9cifiques des industriels. Ces mat\u00e9riaux issus du recyclage du caoutchouc repr\u00e9sentent une mati\u00e8re premi\u00e8re secondaire de grande valeur, utilis\u00e9e dans la fabrication de nouveaux produits destin\u00e9s au secteur de la construction.\r\nGr\u00e2ce \u00e0 leur r\u00e9sistance, leur flexibilit\u00e9 et leurs propri\u00e9t\u00e9s isolantes, nos produits trouvent des applications vari\u00e9es :\r\n\u2022 Rev\u00eatements de sol souples pour les espaces publics ou industriels\r\n\u2022 Amortisseurs de vibrations dans les infrastructures routi\u00e8res ou ferroviaires\r\n\u2022 Mat\u00e9riaux de drainage pour les fondations et les toitures v\u00e9g\u00e9talis\u00e9es\r\n\u2022 Composants pour b\u00e9tons techniques ou enrob\u00e9s bitumineux\r\nNotre processus de transformation garantit une qualit\u00e9 constante, conforme aux normes environnementales et techniques en vigueur. En choisissant nos mat\u00e9riaux, les entreprises du BTP s\u2019inscrivent dans une logique d\u2019\u00e9conomie circulaire, r\u00e9duisant leur empreinte carbone tout en optimisant leurs co\u00fbts de production.\r\n<h3>L&rsquo;environnement<\/h3>\r\n<h4>La loi interdit de donner des pneus usag\u00e9s aux sites d\u2019enfouissement. <strong>L\u2019unique solution admise est de les recycler<\/strong>. Gr\u00e2ce \u00e0 notre notre usine de production il est possible de retourner au march\u00e9 une <strong>mati\u00e8re premi\u00e8re secondaire, pour qu\u2019elle puisse \u00eatre r\u00e9utilis\u00e9e pour des nouveaux produits<\/strong>.<\/h4>\r\n<!--StartFragment -->La l\u00e9gislation en vigueur interdit formellement l\u2019enfouissement des pneus usag\u00e9s, une mesure essentielle pour limiter leur impact environnemental. Face \u00e0 cette contrainte, le recyclage s\u2019impose comme la seule alternative viable et responsable.\r\n\r\nGr\u00e2ce \u00e0 notre unit\u00e9 de production sp\u00e9cialis\u00e9e, nous sommes en mesure de transformer ces d\u00e9chets en une <strong>mati\u00e8re premi\u00e8re secondaire<\/strong> de haute qualit\u00e9. Ce mat\u00e9riau peut ensuite \u00eatre r\u00e9introduit dans le circuit industriel pour la fabrication de <strong>nouveaux produits<\/strong>, contribuant ainsi \u00e0 une \u00e9conomie circulaire plus durable.\r\n\r\nCe processus permet non seulement de <strong>r\u00e9duire la quantit\u00e9 de d\u00e9chets<\/strong> envoy\u00e9s en d\u00e9charge, mais aussi de <strong>pr\u00e9server les ressources naturelles<\/strong> en valorisant des mat\u00e9riaux d\u00e9j\u00e0 existants. C\u2019est une d\u00e9marche concr\u00e8te en faveur de l\u2019environnement, qui allie innovation technologique et responsabilit\u00e9 \u00e9cologique.\r\n\r\n<!--EndFragment -->Rejoignez notre d\u00e9marche \u00e9coresponsable et d\u00e9couvrez comment nos solutions de recyclage peuvent transformer vos d\u00e9chets en opportunit\u00e9s.\r\n\r\n<a href=\"https:\/\/www.e-cova.it\/fr\/contacts\/\" target=\"_blank\" rel=\"noopener\">Contactez-nous<\/a> d\u00e8s aujourd\u2019hui pour en savoir plus\r\n\r\n&nbsp;\r\n\r\n<a href=\"https:\/\/www.linkedin.com\/company\/e-cova-soluzioni-eco-logiche\">LinkedIn<\/a>\r\n\r\n<a href=\"https:\/\/www.facebook.com\/eco.cova\">Facebook<\/a>\r\n\r\n<a href=\"https:\/\/www.youtube.com\/channel\/UC_fo4VncappmkX8LJy6yR-g\">Youtube<\/a>[\/vc_column_text][\/vc_column][\/vc_row][vc_row css=\u00a0\u00bb.vc_custom_1456070771684{margin-top: 30px !important;margin-bottom: 0px !important;}\u00a0\u00bb][vc_column width=\u00a0\u00bb1\/3&Prime;][vc_single_image image=\u00a0\u00bb2324&Prime; img_size=\u00a0\u00bbmedium\u00a0\u00bb alignment=\u00a0\u00bbcenter\u00a0\u00bb onclick=\u00a0\u00bbimg_link_large\u00a0\u00bb][\/vc_column][vc_column width=\u00a0\u00bb1\/3&Prime;][vc_single_image image=\u00a0\u00bb1163&Prime; img_size=\u00a0\u00bbmedium\u00a0\u00bb alignment=\u00a0\u00bbcenter\u00a0\u00bb onclick=\u00a0\u00bbimg_link_large\u00a0\u00bb][\/vc_column][vc_column width=\u00a0\u00bb1\/3&Prime;][vc_single_image image=\u00a0\u00bb1042&Prime; img_size=\u00a0\u00bbmedium\u00a0\u00bb alignment=\u00a0\u00bbcenter\u00a0\u00bb onclick=\u00a0\u00bbimg_link_large\u00a0\u00bb][\/vc_column][\/vc_row]<\/div>","protected":false},"excerpt":{"rendered":"[vc_row][vc_column][vc_column_text css=\u00a0\u00bb.vc_custom_1457018852169{margin-top: 0px !important;margin-bottom: 20px !important;}\u00a0\u00bb] Notre projet pour la sauvegarde de l\u2019environnement [\/vc_column_text][vc_column_text css=\u00a0\u00bb\u00a0\u00bb] Chez E-COVA on a de la sensibilit\u00e9 pour l\u2019environnement et nous avons cr\u00e9e une entreprise innovatrice qui regarde vers l\u2019avenir. Notre r\u00f4le principal est de proposer des solutions efficaces pour recycler les pneus [&hellip;]","protected":false},"author":1,"featured_media":2324,"parent":0,"menu_order":0,"comment_status":"closed","ping_status":"closed","template":"","meta":{"_acf_changed":false,"om_disable_all_campaigns":false,"_monsterinsights_skip_tracking":false,"_monsterinsights_sitenote_active":false,"_monsterinsights_sitenote_note":"","_monsterinsights_sitenote_category":0,"_uf_show_specific_survey":0,"_uf_disable_surveys":false,"footnotes":""},"class_list":["post-1090","page","type-page","status-publish","has-post-thumbnail","hentry"],"acf":[],"aioseo_notices":[],"_links":{"self":[{"href":"https:\/\/www.e-cova.it\/fr\/wp-json\/wp\/v2\/pages\/1090","targetHints":{"allow":["GET"]}}],"collection":[{"href":"https:\/\/www.e-cova.it\/fr\/wp-json\/wp\/v2\/pages"}],"about":[{"href":"https:\/\/www.e-cova.it\/fr\/wp-json\/wp\/v2\/types\/page"}],"author":[{"embeddable":true,"href":"https:\/\/www.e-cova.it\/fr\/wp-json\/wp\/v2\/users\/1"}],"replies":[{"embeddable":true,"href":"https:\/\/www.e-cova.it\/fr\/wp-json\/wp\/v2\/comments?post=1090"}],"version-history":[{"count":5,"href":"https:\/\/www.e-cova.it\/fr\/wp-json\/wp\/v2\/pages\/1090\/revisions"}],"predecessor-version":[{"id":2540,"href":"https:\/\/www.e-cova.it\/fr\/wp-json\/wp\/v2\/pages\/1090\/revisions\/2540"}],"wp:featuredmedia":[{"embeddable":true,"href":"https:\/\/www.e-cova.it\/fr\/wp-json\/wp\/v2\/media\/2324"}],"wp:attachment":[{"href":"https:\/\/www.e-cova.it\/fr\/wp-json\/wp\/v2\/media?parent=1090"}],"curies":[{"name":"wp","href":"https:\/\/api.w.org\/{rel}","templated":true}]}}