{"id":2001,"date":"2015-09-07T13:00:51","date_gmt":"2015-09-07T11:00:51","guid":{"rendered":"https:\/\/www.e-cova.it\/home-2\/"},"modified":"2022-06-24T17:28:00","modified_gmt":"2022-06-24T15:28:00","slug":"home-2","status":"publish","type":"page","link":"https:\/\/www.e-cova.it\/de\/","title":{"rendered":"Home"},"content":{"rendered":"<div class=\"wpb-content-wrapper\"><p>[vc_row el_class=&#8220;notfound404&#8243; css=&#8220;.vc_custom_1457610671007{margin-top: 0px !important;margin-right: 0px !important;margin-bottom: 0px !important;margin-left: 0px !important;padding-top: 20px !important;padding-right: 20px !important;padding-bottom: 20px !important;padding-left: 20px !important;background-color: #00519f !important;}&#8220;][vc_column width=&#8220;1\/3&#8243;][vc_wp_search title=&#8220;Inserisci qui il termine da cercare e premi Invio:&#8220;][\/vc_column][\/vc_row][vc_row css=&#8220;.vc_custom_1527162513007{margin-right: 0px !important;margin-bottom: 0px !important;margin-left: 0px !important;background-image: url(https:\/\/www.e-cova.it\/wp-content\/uploads\/2016\/01\/photodune-1178180-nature-m-1.jpg?id=889) !important;background-position: center !important;background-repeat: no-repeat !important;background-size: cover !important;}&#8220; el_id=&#8220;home-header-image&#8220;][vc_column][\/vc_column][\/vc_row][vc_row el_class=&#8220;sfondoverde&#8220; css=&#8220;.vc_custom_1449671793706{margin-top: 0px !important;margin-right: 0px !important;margin-bottom: 0px !important;margin-left: 0px !important;}&#8220;][vc_column width=&#8220;2\/3&#8243; css=&#8220;.vc_custom_1456504488187{margin-bottom: 0px !important;}&#8220; el_class=&#8220;spanfullwidth&#8220;][vc_column_text el_class=&#8220;home-claim&#8220; css=&#8220;.vc_custom_1652287025554{margin-bottom: 0px !important;}&#8220;]<\/p>\n<p style=\"text-align: center;\">Wenn <strong>Professionalit\u00e4t<\/strong> die <strong>Liebe<\/strong> zur <strong>Arbeit<\/strong> verbindet, entsteht eine <strong>Berufung<\/strong>.<\/p>\n<p>[\/vc_column_text][\/vc_column][\/vc_row][vc_row css=&#8220;.vc_custom_1457541868966{margin-right: 0px !important;margin-bottom: 0px !important;margin-left: 0px !important;padding-bottom: 20px !important;background-color: #e5e5e5 !important;}&#8220;][vc_column width=&#8220;2\/3&#8243; el_class=&#8220;spanfullwidth&#8220;][vc_column_text css=&#8220;.vc_custom_1656078338842{margin-top: 7px !important;margin-bottom: 0px !important;padding-top: 10px !important;padding-right: 10px !important;padding-bottom: 10px !important;padding-left: 10px !important;}&#8220;]<\/p>\n<h2><img loading=\"lazy\" decoding=\"async\" class=\"margintopzero xs100 wp-image-1034 size-medium alignleft\" src=\"https:\/\/www.e-cova.it\/wp-content\/uploads\/2015\/09\/MG_4897-220x300.jpg\" alt=\"E-Cova - Recupero e smaltimento gomme piene superelastiche - Produzione polverino e sfilacciato di gomma\" width=\"220\" height=\"300\" srcset=\"https:\/\/www.e-cova.it\/wp-content\/uploads\/2015\/09\/MG_4897-220x300.jpg 220w, https:\/\/www.e-cova.it\/wp-content\/uploads\/2015\/09\/MG_4897.jpg 434w\" sizes=\"auto, (max-width: 220px) 100vw, 220px\" \/>Suchen Sie nach Gummifasernprodukten?<\/h2>\n<p>Sie sind am richtigen Ort! Bei E-COVA produzieren wir Gummifasern aus dem Recycling von Superelastikreifen, Vollgummi-Bandagenreifen (POB). Wir sammeln und verarbeiten Superelastikreifen und Vollgummi-Bandagenreifen an. Die Produktionsmengen sind marktf\u00e4hige Gummipulver- und Gummifasernprodukte. Sie werden in verschiedenen Bereichen wie dem Bauwesen, dem St\u00e4dtebau und Stadtm\u00f6beln als \u201esekund\u00e4rer\u201c Rohstoff wiederverwenden.[\/vc_column_text][\/vc_column][\/vc_row][vc_row el_class=&#8220;ruote-container&#8220; css=&#8220;.vc_custom_1456504164288{margin-top: 0px !important;margin-right: 0px !important;margin-bottom: 0px !important;margin-left: 0px !important;background-color: #e5e5e5 !important;}&#8220;][vc_column width=&#8220;2\/3&#8243; el_class=&#8220;spanfullwidth-3ruote&#8220;][vc_row_inner][vc_column_inner width=&#8220;1\/3&#8243; css=&#8220;.vc_custom_1456505730095{margin-bottom: 15px !important;}&#8220;][vc_single_image image=&#8220;2042&#8243; img_size=&#8220;full&#8220; alignment=&#8220;center&#8220; onclick=&#8220;custom_link&#8220; link=&#8220;https:\/\/www.e-cova.it\/de\/vollgummi-sammlung-und-recycling\/&#8220;][\/vc_column_inner][vc_column_inner width=&#8220;1\/3&#8243; css=&#8220;.vc_custom_1456505724504{margin-bottom: 15px !important;}&#8220;][vc_single_image image=&#8220;2038&#8243; img_size=&#8220;full&#8220; alignment=&#8220;center&#8220; onclick=&#8220;custom_link&#8220; link=&#8220;https:\/\/www.e-cova.it\/de\/azienda-2\/&#8220;][\/vc_column_inner][vc_column_inner width=&#8220;1\/3&#8243; css=&#8220;.vc_custom_1456505719023{margin-bottom: 15px !important;}&#8220;][vc_single_image image=&#8220;2069&#8243; img_size=&#8220;full&#8220; alignment=&#8220;center&#8220; onclick=&#8220;custom_link&#8220; link=&#8220;https:\/\/www.e-cova.it\/de\/herstellung-von-gummipulver-und-gummimulch\/&#8220;][\/vc_column_inner][\/vc_row_inner][\/vc_column][\/vc_row][vc_row css=&#8220;.vc_custom_1456498327779{margin-top: 0px !important;margin-right: 0px !important;margin-bottom: 0px !important;margin-left: 0px !important;}&#8220;][vc_column width=&#8220;2\/3&#8243; offset=&#8220;vc_hidden-sm vc_hidden-xs&#8220;][\/vc_column][vc_column width=&#8220;1\/3&#8243; el_class=&#8220;spanfullwidth&#8220;]\n<div class=\"wpcf7 no-js\" id=\"wpcf7-f2011-o1\" lang=\"it-IT\" dir=\"ltr\" data-wpcf7-id=\"2011\">\n<div class=\"screen-reader-response\"><p role=\"status\" aria-live=\"polite\" aria-atomic=\"true\"><\/p> <ul><\/ul><\/div>\n<form action=\"\/de\/wp-json\/wp\/v2\/pages\/2001#wpcf7-f2011-o1\" method=\"post\" class=\"wpcf7-form init\" aria-label=\"Modulo di contatto\" novalidate=\"novalidate\" data-status=\"init\">\n<fieldset class=\"hidden-fields-container\"><input type=\"hidden\" name=\"_wpcf7\" value=\"2011\" \/><input type=\"hidden\" name=\"_wpcf7_version\" value=\"6.1.3\" \/><input type=\"hidden\" name=\"_wpcf7_locale\" value=\"it_IT\" \/><input type=\"hidden\" name=\"_wpcf7_unit_tag\" value=\"wpcf7-f2011-o1\" \/><input type=\"hidden\" name=\"_wpcf7_container_post\" value=\"0\" \/><input type=\"hidden\" name=\"_wpcf7_posted_data_hash\" value=\"\" \/><input type=\"hidden\" name=\"_wpcf7dtx_version\" value=\"5.0.3\" \/>\n<\/fieldset>\n<div class=\"home-contattaci\">\n\t<div class=\"home-contattaci-title\">\n\t\t<h3>Kontakt\n\t\t<\/h3>\n\t<\/div>\n\t<div class=\"home-contattaci-form\">\n\t<span class=\"wpcf7-form-control-wrap mc4wp-LANG\" data-name=\"mc4wp-LANG\"><input type=\"hidden\" name=\"mc4wp-LANG\" class=\"wpcf7-form-control wpcf7-hidden wpcf7dtx wpcf7dtx-hidden\" aria-invalid=\"false\" value=\"TED\"><\/span>\n\t\t<p><span class=\"wpcf7-form-control-wrap\" data-name=\"mc4wp-FNAME\"><input size=\"40\" maxlength=\"400\" class=\"wpcf7-form-control wpcf7-text wpcf7-validates-as-required\" id=\"FNAME\" aria-required=\"true\" aria-invalid=\"false\" placeholder=\"Vorname*\" value=\"\" type=\"text\" name=\"mc4wp-FNAME\" \/><\/span><br \/>\n<span class=\"wpcf7-form-control-wrap\" data-name=\"mc4wp-LNAME\"><input size=\"40\" maxlength=\"400\" class=\"wpcf7-form-control wpcf7-text wpcf7-validates-as-required\" id=\"LNAME\" aria-required=\"true\" aria-invalid=\"false\" placeholder=\"Familienname*\" value=\"\" type=\"text\" name=\"mc4wp-LNAME\" \/><\/span><br \/>\n<span class=\"wpcf7-form-control-wrap\" data-name=\"mc4wp-AZIENDA\"><input size=\"40\" maxlength=\"400\" class=\"wpcf7-form-control wpcf7-text\" id=\"AZIENDA\" aria-invalid=\"false\" placeholder=\"Firma\" value=\"\" type=\"text\" name=\"mc4wp-AZIENDA\" \/><\/span><br \/>\n<span class=\"wpcf7-form-control-wrap\" data-name=\"mc4wp-EMAIL\"><input size=\"40\" maxlength=\"400\" class=\"wpcf7-form-control wpcf7-email wpcf7-validates-as-required wpcf7-text wpcf7-validates-as-email\" id=\"EMAIL\" aria-required=\"true\" aria-invalid=\"false\" placeholder=\"Ihre E-Mail Adresse*\" value=\"\" type=\"email\" name=\"mc4wp-EMAIL\" \/><\/span><br \/>\n<span class=\"wpcf7-form-control-wrap\" data-name=\"mc4wp-TEL\"><input size=\"40\" maxlength=\"400\" class=\"wpcf7-form-control wpcf7-text\" id=\"TEL\" aria-invalid=\"false\" placeholder=\"Telefon\" value=\"\" type=\"text\" name=\"mc4wp-TEL\" \/><\/span><br \/>\n<span class=\"wpcf7-form-control-wrap\" data-name=\"MESSAGGIO\"><textarea cols=\"40\" rows=\"10\" maxlength=\"2000\" class=\"wpcf7-form-control wpcf7-textarea\" aria-invalid=\"false\" placeholder=\"Schreiben Sie Ihre Nachricht hier\" name=\"MESSAGGIO\"><\/textarea><\/span><br \/>\n<!-- MailChimp for WordPress Pro v2.7.6 - https:\/\/mc4wp.com\/ --><p id=\"mc4wp-checkbox\" class=\"mc4wp-checkbox-contact_form_7\"><label><input type=\"checkbox\" name=\"mc4wp-subscribe\" value=\"1\" \/> Ich m\u00f6chte den Newsletter beziehen.<\/label><\/p><textarea name=\"_mc4wp_required_but_not_really\" style=\"display: none !important;\"><\/textarea><!-- \/ MailChimp for WordPress Pro -->\n\t\t<\/p>\n\t\t<p style=\"margin: -10px 0 0;\">----------\n\t\t<\/p>\n\t\t<p><span class=\"wpcf7-form-control-wrap\" data-name=\"privacy\"><span class=\"wpcf7-form-control wpcf7-acceptance\"><span class=\"wpcf7-list-item\"><input type=\"checkbox\" name=\"privacy\" value=\"1\" id=\"privacy\" aria-invalid=\"false\" \/><\/span><\/span><\/span><span class=\"privacy privacytext smalltext\">Ich habe Ihre <a href=\"https:\/\/www.iubenda.com\/privacy-policy\/751205\" target=\"_blank\">Datenschutzerkl\u00e4rung<\/a> gelesen und bin damit einverstanden*.<br \/>\n<small style=\"margin: 8px 0 0; display: block; white-space: nowrap\">* Pflichtfelder.<\/small><\/span><br \/>\n<input class=\"wpcf7-form-control wpcf7-submit has-spinner\" type=\"submit\" value=\"Senden\" \/>\n\t\t<\/p>\n\t<\/div>\n<\/div><input type='hidden' class='wpcf7-pum' value='{\"closepopup\":false,\"closedelay\":0,\"openpopup\":false,\"openpopup_id\":0}' \/><div class=\"wpcf7-response-output\" aria-hidden=\"true\"><\/div>\n<\/form>\n<\/div>\n[\/vc_column][\/vc_row][vc_row css=&#8220;.vc_custom_1446737797183{margin-top: 5px !important;margin-bottom: 10px !important;padding-top: 20px !important;padding-right: 20px !important;padding-bottom: 0px !important;padding-left: 20px !important;}&#8220;][vc_column css=&#8220;.vc_custom_1452598215693{padding-bottom: 0px !important;}&#8220;][vc_column_text css=&#8220;.vc_custom_1653320823586{margin-top: -10px !important;margin-bottom: 20px !important;}&#8220;]<\/p>\n<h4><strong><span class=\"VIiyi\" lang=\"de\"><span class=\"JLqJ4b ChMk0b\" data-language-for-alternatives=\"de\" data-language-to-translate-into=\"it\" data-phrase-index=\"0\" data-number-of-phrases=\"1\"><span class=\"Q4iAWc\">Die neuesten Nachrichten aus unserem Blog<\/span><\/span><\/span><\/strong><\/h4>\n<p>[\/vc_column_text][vc_basic_grid post_type=&#8220;post&#8220; max_items=&#8220;2&#8243; style=&#8220;lazy&#8220; items_per_page=&#8220;2&#8243; element_width=&#8220;6&#8243; item=&#8220;2077&#8243; grid_id=&#8220;vc_gid:1656084413344-96d1730742eae04e0ec8913dc1944947-10&#8243; taxonomies=&#8220;1&#8243; el_class=&#8220;home-postgrid&#8220;][\/vc_column][\/vc_row][vc_row css=&#8220;.vc_custom_1457541471689{margin-top: 20px !important;margin-right: 0px !important;margin-bottom: -10px !important;margin-left: 0px !important;}&#8220;][vc_column css=&#8220;.vc_custom_1457189262323{margin: 0px !important;border-width: 0px !important;padding: 0px !important;}&#8220;][vc_wp_text el_class=&#8220;marginbottomzero&#8220;]<\/p>\n<div class=\"home-boxdestro boxheight\">\n<h2 style=\"margin-top: 20px;\">Bleiben Sie auf dem Laufenden!<\/h2>\n<p>Treten Sie sich unseren <a href=\"#newsletter\">Newsletter<\/a> bei und erhalten Sie die neuesten Nachrichten<\/p>\n<\/div>\n<div class=\"fancybox-hidden\" style=\"display: none;\">\n<div id=\"newsletter\">\n<div class=\"wpcf7 no-js\" id=\"wpcf7-f883-o2\" lang=\"it-IT\" dir=\"ltr\" data-wpcf7-id=\"883\">\n<div class=\"screen-reader-response\"><p role=\"status\" aria-live=\"polite\" aria-atomic=\"true\"><\/p> <ul><\/ul><\/div>\n<form action=\"\/de\/wp-json\/wp\/v2\/pages\/2001#wpcf7-f883-o2\" method=\"post\" class=\"wpcf7-form init\" aria-label=\"Modulo di contatto\" novalidate=\"novalidate\" data-status=\"init\">\n<fieldset class=\"hidden-fields-container\"><input type=\"hidden\" name=\"_wpcf7\" value=\"883\" \/><input type=\"hidden\" name=\"_wpcf7_version\" value=\"6.1.3\" \/><input type=\"hidden\" name=\"_wpcf7_locale\" value=\"it_IT\" \/><input type=\"hidden\" name=\"_wpcf7_unit_tag\" value=\"wpcf7-f883-o2\" \/><input type=\"hidden\" name=\"_wpcf7_container_post\" value=\"0\" \/><input type=\"hidden\" name=\"_wpcf7_posted_data_hash\" value=\"\" \/><input type=\"hidden\" name=\"_wpcf7dtx_version\" value=\"5.0.3\" \/>\n<\/fieldset>\n<div class=\"contatti-form>\n<span class=\"wpcf7-form-control-wrap mc4wp-LANG\" data-name=\"mc4wp-LANG\"><input type=\"hidden\" name=\"mc4wp-LANG\" class=\"wpcf7-form-control wpcf7-hidden wpcf7dtx wpcf7dtx-hidden\" aria-invalid=\"false\" value=\"ITA\"><\/span>\n\t<p><span class=\"wpcf7-form-control-wrap\" data-name=\"mc4wp-FNAME\"><input size=\"40\" maxlength=\"400\" class=\"wpcf7-form-control wpcf7-text wpcf7-validates-as-required\" aria-required=\"true\" aria-invalid=\"false\" placeholder=\"Nome*\" value=\"\" type=\"text\" name=\"mc4wp-FNAME\" \/><\/span><br \/>\n<span class=\"wpcf7-form-control-wrap\" data-name=\"mc4wp-LNAME\"><input size=\"40\" maxlength=\"400\" class=\"wpcf7-form-control wpcf7-text wpcf7-validates-as-required\" aria-required=\"true\" aria-invalid=\"false\" placeholder=\"Cognome*\" value=\"\" type=\"text\" name=\"mc4wp-LNAME\" \/><\/span><br \/>\n<span class=\"wpcf7-form-control-wrap\" data-name=\"mc4wp-AZIENDA\"><input size=\"40\" maxlength=\"400\" class=\"wpcf7-form-control wpcf7-text wpcf7-validates-as-required\" aria-required=\"true\" aria-invalid=\"false\" placeholder=\"Azienda*\" value=\"\" type=\"text\" name=\"mc4wp-AZIENDA\" \/><\/span><br \/>\n<span class=\"wpcf7-form-control-wrap\" data-name=\"mc4wp-TIPOLOGIA\"><select class=\"wpcf7-form-control wpcf7-select wpcf7-validates-as-required\" aria-required=\"true\" aria-invalid=\"false\" name=\"mc4wp-TIPOLOGIA\"><option value=\"\">- Tipologia attivit\u00e0*<\/option><option value=\"Raccoglitore rifiuti\">Raccoglitore rifiuti<\/option><option value=\"Gommista\">Gommista<\/option><option value=\"Azienda privata\">Azienda privata<\/option><\/select><\/span><br \/>\n<span class=\"wpcf7-form-control-wrap\" data-name=\"mc4wp-EMAIL\"><input size=\"40\" maxlength=\"400\" class=\"wpcf7-form-control wpcf7-email wpcf7-validates-as-required wpcf7-text wpcf7-validates-as-email\" aria-required=\"true\" aria-invalid=\"false\" placeholder=\"Indirizzo email*\" value=\"\" type=\"email\" name=\"mc4wp-EMAIL\" \/><\/span><br \/>\n<span class=\"wpcf7-form-control-wrap\" data-name=\"mc4wp-TEL\"><input size=\"40\" maxlength=\"400\" class=\"wpcf7-form-control wpcf7-text\" aria-invalid=\"false\" placeholder=\"Telefono\" value=\"\" type=\"text\" name=\"mc4wp-TEL\" \/><\/span>\n\t<\/p>\n\t<p><!-- MailChimp for WordPress Pro v2.7.6 - https:\/\/mc4wp.com\/ --><p id=\"mc4wp-checkbox\" class=\"mc4wp-checkbox-contact_form_7\"><label><input type=\"checkbox\" name=\"mc4wp-subscribe\" value=\"1\" \/> Desidero ricevere la vostra newsletter.<\/label><\/p><textarea name=\"_mc4wp_required_but_not_really\" style=\"display: none !important;\"><\/textarea><!-- \/ MailChimp for WordPress Pro -->\n\t<\/p>\n\t<p style=\"margin: -15px 0 0;\">----------\n\t<\/p>\n\t<p><span class=\"wpcf7-form-control-wrap\" data-name=\"privacy\"><span class=\"wpcf7-form-control wpcf7-acceptance\"><span class=\"wpcf7-list-item\"><input type=\"checkbox\" name=\"privacy\" value=\"1\" aria-invalid=\"false\" \/><\/span><\/span><\/span><span class=\"privacy privacytext smalltext\">Acconsento al trattamento dei mie dati, inviati tramite questo form, cos\u00ec come riportato nell'<a href=\"https:\/\/www.iubenda.com\/privacy-policy\/751205\" target=\"_blank\">Informativa completa sul trattamento dei dati personali<\/a>*.<br \/>\n<\/span><br \/>\n<input class=\"wpcf7-form-control wpcf7-submit has-spinner\" type=\"submit\" value=\"Iscriviti!\" \/>\n\t<\/p>\n\t<p><small>* Campi obbligatori.<\/small>\n\t<\/p>\n<\/div><input type='hidden' class='wpcf7-pum' value='{\"closepopup\":false,\"closedelay\":0,\"openpopup\":false,\"openpopup_id\":0}' \/><div class=\"wpcf7-response-output\" aria-hidden=\"true\"><\/div>\n<\/form>\n<\/div>\n<\/div>\n<\/div>\n<p>[\/vc_wp_text][\/vc_column][\/vc_row][vc_row css=&#8220;.vc_custom_1457541210368{margin-top: 0px !important;margin-right: 0px !important;margin-bottom: 20px !important;margin-left: 0px !important;padding-top: 0px !important;padding-right: 15px !important;padding-bottom: 0px !important;padding-left: 15px !important;}&#8220;][vc_column width=&#8220;1\/3&#8243; css=&#8220;.vc_custom_1457541514268{margin-top: 25px !important;margin-bottom: 20px !important;}&#8220;][vc_single_image image=&#8220;1158&#8243; img_size=&#8220;full&#8220; alignment=&#8220;center&#8220; onclick=&#8220;img_link_large&#8220;][vc_column_text]<\/p>\n<h3>SAMMLUNG<\/h3>\n<p><span lang=\"de-AT\">Wissen Sie nicht, wie die Altstaplerreifen entsorgen sollen? Wir k\u00f6nnen Ihr helfen. Wir sammeln und behandeln die Vollreifen. <\/span>[\/vc_column_text][\/vc_column][vc_column width=&#8220;1\/3&#8243; css=&#8220;.vc_custom_1457541526476{margin-top: 25px !important;margin-bottom: 20px !important;}&#8220;][vc_single_image image=&#8220;1161&#8243; img_size=&#8220;full&#8220; alignment=&#8220;center&#8220; onclick=&#8220;img_link_large&#8220;][vc_column_text]<\/p>\n<h3>PROZESS<\/h3>\n<p>Wir produzieren Gummipulver und Fasern in verschiedenen Gr\u00f6\u00dfen, je nach Kundenwunsch. Die Produkten werden f\u00fcr Antischock-Bodenfliesen, D\u00e4mmplatten und Antivibrationsplatten benutzen.[\/vc_column_text][\/vc_column][vc_column width=&#8220;1\/3&#8243; css=&#8220;.vc_custom_1457541531260{margin-top: 25px !important;margin-bottom: 20px !important;}&#8220;][vc_single_image image=&#8220;1164&#8243; img_size=&#8220;full&#8220; alignment=&#8220;center&#8220; onclick=&#8220;img_link_large&#8220;][vc_column_text]<\/p>\n<h3>LIEFERUNG<\/h3>\n<p><span lang=\"de-AT\">Gummipulver, Gummifasern und Mulch kommen zu 100% aus Naturkautschuk her. Sie sind vollst\u00e4ndig sauber von jeglichen Verunreinigungen. Kunden k\u00f6nnen die Gr\u00f6\u00dfe des Materials und der Verpackung w\u00e4hlen. Es kann in gro\u00dfen S\u00e4cken oder in Beh\u00e4ltern geliefert werden.<br \/>\n<\/span>[\/vc_column_text][\/vc_column][\/vc_row]<\/p>\n<\/div>","protected":false},"excerpt":{"rendered":"[vc_row el_class=&#8220;notfound404&#8243; css=&#8220;.vc_custom_1457610671007{margin-top: 0px !important;margin-right: 0px !important;margin-bottom: 0px !important;margin-left: 0px !important;padding-top: 20px !important;padding-right: 20px !important;padding-bottom: 20px !important;padding-left: 20px !important;background-color: #00519f !important;}&#8220;][vc_column width=&#8220;1\/3&#8243;][vc_wp_search title=&#8220;Inserisci qui il termine da cercare e premi Invio:&#8220;][\/vc_column][\/vc_row][vc_row css=&#8220;.vc_custom_1527162513007{margin-right: 0px !important;margin-bottom: 0px !important;margin-left: 0px !important;background-image: url(https:\/\/www.e-cova.it\/wp-content\/uploads\/2016\/01\/photodune-1178180-nature-m-1.jpg?id=889) !important;background-position: center !important;background-repeat: no-repeat !important;background-size: cover !important;}&#8220; el_id=&#8220;home-header-image&#8220;][vc_column][\/vc_column][\/vc_row][vc_row el_class=&#8220;sfondoverde&#8220; [&hellip;]","protected":false},"author":1,"featured_media":0,"parent":0,"menu_order":0,"comment_status":"closed","ping_status":"closed","template":"template-home.php","meta":{"_acf_changed":false,"om_disable_all_campaigns":false,"_monsterinsights_skip_tracking":false,"_monsterinsights_sitenote_active":false,"_monsterinsights_sitenote_note":"","_monsterinsights_sitenote_category":0,"_uf_show_specific_survey":0,"_uf_disable_surveys":false,"footnotes":""},"class_list":["post-2001","page","type-page","status-publish","hentry"],"acf":[],"aioseo_notices":[],"_links":{"self":[{"href":"https:\/\/www.e-cova.it\/de\/wp-json\/wp\/v2\/pages\/2001","targetHints":{"allow":["GET"]}}],"collection":[{"href":"https:\/\/www.e-cova.it\/de\/wp-json\/wp\/v2\/pages"}],"about":[{"href":"https:\/\/www.e-cova.it\/de\/wp-json\/wp\/v2\/types\/page"}],"author":[{"embeddable":true,"href":"https:\/\/www.e-cova.it\/de\/wp-json\/wp\/v2\/users\/1"}],"replies":[{"embeddable":true,"href":"https:\/\/www.e-cova.it\/de\/wp-json\/wp\/v2\/comments?post=2001"}],"version-history":[{"count":6,"href":"https:\/\/www.e-cova.it\/de\/wp-json\/wp\/v2\/pages\/2001\/revisions"}],"predecessor-version":[{"id":2079,"href":"https:\/\/www.e-cova.it\/de\/wp-json\/wp\/v2\/pages\/2001\/revisions\/2079"}],"wp:attachment":[{"href":"https:\/\/www.e-cova.it\/de\/wp-json\/wp\/v2\/media?parent=2001"}],"curies":[{"name":"wp","href":"https:\/\/api.w.org\/{rel}","templated":true}]}}