{"id":1998,"date":"2016-02-09T08:50:53","date_gmt":"2016-02-09T07:50:53","guid":{"rendered":"https:\/\/www.e-cova.it\/produzione-polverino-e-sfilacciato-di-gomma\/"},"modified":"2022-06-24T15:57:53","modified_gmt":"2022-06-24T13:57:53","slug":"herstellung-von-gummipulver-und-gummimulch","status":"publish","type":"page","link":"https:\/\/www.e-cova.it\/de\/herstellung-von-gummipulver-und-gummimulch\/","title":{"rendered":"Herstellung von Gummipulver und Gummimulch"},"content":{"rendered":"<div class=\"wpb-content-wrapper\"><p>[vc_row css=&#8220;.vc_custom_1455006630304{margin-top: 10px !important;}&#8220;][vc_column][vc_column_text]<img loading=\"lazy\" decoding=\"async\" class=\"nomargintop alignleft wp-image-944 size-thumbnail\" src=\"http:\/\/www.e-cova.it\/wp-content\/uploads\/2016\/02\/medaglia-150x150.png\" alt=\"E-Cova - Recupero e trasformazione gomme superelastiche - Produzione polverino e sfilacciato di gomma\" width=\"150\" height=\"150\" srcset=\"https:\/\/www.e-cova.it\/wp-content\/uploads\/2016\/02\/medaglia-150x150.png 150w, https:\/\/www.e-cova.it\/wp-content\/uploads\/2016\/02\/medaglia.png 225w\" sizes=\"auto, (max-width: 150px) 100vw, 150px\" \/><\/p>\n<p>Suchen Sie Gummimulch, Gummipulver und Gummifasern in verschiedenen Gr\u00f6\u00dfen? Sie sind am richtigen Ort! Vor Produktionsbeginn kann die genaue Gummigr\u00f6\u00dfe eingestellt werden. Sehen wir unsere Produkte an:<br \/>\nGummipulver: Es ist klein wie Pulver, tats\u00e4chlich ist es Gummi! Normalerweise wird es im Geb\u00e4udebereich zur Herstellung von D\u00e4mmplatten und Antivibrationsplatten verwendet. Es kann auch eine kleine Menge in die neue Reifenmischung gegeben werden.<br \/>\nGummipolieren: es ist flach und lang; Es wird f\u00fcr Antischock-Bodenfliesen auf Spielpl\u00e4tzen verwendet.<br \/>\nGummimulch: Es ist die gr\u00f6\u00dfte Gr\u00f6\u00dfe der drei, sehr \u00e4hnlich der \u201eBaumrinde\u201c; In der Regel wird Gummimulch gestrichen und als Dekoration in Blumenbeeten verwendet. Bemalter Gummimulch brennt nicht leicht.[\/vc_column_text][vc_single_image image=&#8220;953&#8243; img_size=&#8220;full&#8220; alignment=&#8220;center&#8220; css=&#8220;.vc_custom_1455007048436{margin-top: 20px !important;margin-bottom: 20px !important;}&#8220;][vc_column_text]Unser Material besteht zu 100% aus Naturkautschuk und ist v\u00f6llig sauber von Stahln\u00e4geln oder Textilien.[\/vc_column_text][vc_single_image image=&#8220;965&#8243; img_size=&#8220;full&#8220; alignment=&#8220;center&#8220; css=&#8220;.vc_custom_1455012482973{margin-top: 20px !important;margin-bottom: 5px !important;}&#8220;][\/vc_column][\/vc_row][vc_row][vc_column][vc_column_text]Dank der konsolidierten Pr\u00e4senz in der Branche und dem Netzwerk von Kontakten sind wir in der Lage, die folgenden Produkte zu vermarkten:<br \/>\nGummigranulat 0.8-2.5<br \/>\nGummigranulat 1-4<\/p>\n<p><span class=\"VIiyi\" lang=\"de\"><span class=\"JLqJ4b ChMk0b\" data-language-for-alternatives=\"de\" data-language-to-translate-into=\"it\" data-phrase-index=\"0\" data-number-of-phrases=\"1\"><span class=\"Q4iAWc\">F\u00fcllen Sie das Kontaktformular f\u00fcr weitere Informationen aus, Sie werden so schnell wie m\u00f6glich kontaktiert!<\/span><\/span><\/span>[\/vc_column_text][\/vc_column][\/vc_row]<\/p>\n<\/div>","protected":false},"excerpt":{"rendered":"[vc_row css=&#8220;.vc_custom_1455006630304{margin-top: 10px !important;}&#8220;][vc_column][vc_column_text] Suchen Sie Gummimulch, Gummipulver und Gummifasern in verschiedenen Gr\u00f6\u00dfen? Sie sind am richtigen Ort! Vor Produktionsbeginn kann die genaue Gummigr\u00f6\u00dfe eingestellt werden. Sehen wir unsere Produkte an: Gummipulver: Es ist klein wie Pulver, tats\u00e4chlich ist es Gummi! Normalerweise wird es im Geb\u00e4udebereich zur Herstellung [&hellip;]","protected":false},"author":1,"featured_media":0,"parent":0,"menu_order":0,"comment_status":"open","ping_status":"closed","template":"","meta":{"_acf_changed":false,"om_disable_all_campaigns":false,"_monsterinsights_skip_tracking":false,"_monsterinsights_sitenote_active":false,"_monsterinsights_sitenote_note":"","_monsterinsights_sitenote_category":0,"_uf_show_specific_survey":0,"_uf_disable_surveys":false,"footnotes":""},"class_list":["post-1998","page","type-page","status-publish","hentry"],"acf":[],"aioseo_notices":[],"_links":{"self":[{"href":"https:\/\/www.e-cova.it\/de\/wp-json\/wp\/v2\/pages\/1998","targetHints":{"allow":["GET"]}}],"collection":[{"href":"https:\/\/www.e-cova.it\/de\/wp-json\/wp\/v2\/pages"}],"about":[{"href":"https:\/\/www.e-cova.it\/de\/wp-json\/wp\/v2\/types\/page"}],"author":[{"embeddable":true,"href":"https:\/\/www.e-cova.it\/de\/wp-json\/wp\/v2\/users\/1"}],"replies":[{"embeddable":true,"href":"https:\/\/www.e-cova.it\/de\/wp-json\/wp\/v2\/comments?post=1998"}],"version-history":[{"count":5,"href":"https:\/\/www.e-cova.it\/de\/wp-json\/wp\/v2\/pages\/1998\/revisions"}],"predecessor-version":[{"id":2065,"href":"https:\/\/www.e-cova.it\/de\/wp-json\/wp\/v2\/pages\/1998\/revisions\/2065"}],"wp:attachment":[{"href":"https:\/\/www.e-cova.it\/de\/wp-json\/wp\/v2\/media?parent=1998"}],"curies":[{"name":"wp","href":"https:\/\/api.w.org\/{rel}","templated":true}]}}