{"id":1986,"date":"2016-02-09T08:46:52","date_gmt":"2016-02-09T07:46:52","guid":{"rendered":"https:\/\/www.e-cova.it\/recupero-e-trasformazione-gomme-superelastiche\/"},"modified":"2022-06-24T15:55:03","modified_gmt":"2022-06-24T13:55:03","slug":"vollgummi-sammlung-und-recycling","status":"publish","type":"page","link":"https:\/\/www.e-cova.it\/de\/vollgummi-sammlung-und-recycling\/","title":{"rendered":"Recycling"},"content":{"rendered":"<div class=\"wpb-content-wrapper\"><p>[vc_row css=&#8220;.vc_custom_1455019508539{margin-top: 20px !important;}&#8220;][vc_column][vc_column_text]<img loading=\"lazy\" decoding=\"async\" class=\"alignleft size-full wp-image-1003\" src=\"http:\/\/www.e-cova.it\/wp-content\/uploads\/2016\/02\/recupero-logo.png\" alt=\"E-Cova - Recupero e trasformazione gomme superelastiche - Produzione polverino e sfilacciato di gomma - Recupero\" width=\"230\" height=\"230\" srcset=\"https:\/\/www.e-cova.it\/wp-content\/uploads\/2016\/02\/recupero-logo.png 230w, https:\/\/www.e-cova.it\/wp-content\/uploads\/2016\/02\/recupero-logo-150x150.png 150w\" sizes=\"auto, (max-width: 230px) 100vw, 230px\" \/><\/p>\n<p>Diese Industrien kommen h\u00e4ufig mit Gabelstaplerreifen in Kontakt, aber sie wissen nicht, wie sie recycelt werden sollen. Wir sind die L\u00f6sung f\u00fcr diesen Industrien, da wir nur Gabelstaplerreifen behandeln. In unserem Werk in Casalmaggiore (Cremona \u2013 Italien) sammeln und verarbeiten wir Vollgummireifen und Vollgummi-Bandagenreifen (POB) an, um Rohmaterial zu erhalten, das wiederverwendet werden kann.<br \/>\nDas Endergebnis des Arbeitsprozesses sind marktf\u00e4higes Gummipulver und Gummifasern Produkte. Heutzutage sind immer mehr Unternehmen im \u00f6ffentlichen und privaten Baugewerbe t\u00e4tig. Diese Industrien ben\u00f6tigen eine zunehmende Menge an Gummiprodukte, um D\u00e4mmplatten, Sicherheitsbodenfliesen und synthetischen Mulch herzustellen. Unter den Eisenbahnschienen wird die Gummifasern auch f\u00fcr Antivibrationsbretter verwendet.<\/p>\n<p>&nbsp;[\/vc_column_text][vc_single_image image=&#8220;1006&#8243; img_size=&#8220;full&#8220; alignment=&#8220;center&#8220; css=&#8220;.vc_custom_1455019549966{margin-top: 20px !important;}&#8220;][\/vc_column][\/vc_row]<\/p>\n<\/div>","protected":false},"excerpt":{"rendered":"[vc_row css=&#8220;.vc_custom_1455019508539{margin-top: 20px !important;}&#8220;][vc_column][vc_column_text] Diese Industrien kommen h\u00e4ufig mit Gabelstaplerreifen in Kontakt, aber sie wissen nicht, wie sie recycelt werden sollen. Wir sind die L\u00f6sung f\u00fcr diesen Industrien, da wir nur Gabelstaplerreifen behandeln. In unserem Werk in Casalmaggiore (Cremona \u2013 Italien) sammeln und verarbeiten wir Vollgummireifen und Vollgummi-Bandagenreifen [&hellip;]","protected":false},"author":1,"featured_media":0,"parent":0,"menu_order":0,"comment_status":"open","ping_status":"closed","template":"","meta":{"_acf_changed":false,"om_disable_all_campaigns":false,"_monsterinsights_skip_tracking":false,"_monsterinsights_sitenote_active":false,"_monsterinsights_sitenote_note":"","_monsterinsights_sitenote_category":0,"_uf_show_specific_survey":0,"_uf_disable_surveys":false,"footnotes":""},"class_list":["post-1986","page","type-page","status-publish","hentry"],"acf":[],"aioseo_notices":[],"_links":{"self":[{"href":"https:\/\/www.e-cova.it\/de\/wp-json\/wp\/v2\/pages\/1986","targetHints":{"allow":["GET"]}}],"collection":[{"href":"https:\/\/www.e-cova.it\/de\/wp-json\/wp\/v2\/pages"}],"about":[{"href":"https:\/\/www.e-cova.it\/de\/wp-json\/wp\/v2\/types\/page"}],"author":[{"embeddable":true,"href":"https:\/\/www.e-cova.it\/de\/wp-json\/wp\/v2\/users\/1"}],"replies":[{"embeddable":true,"href":"https:\/\/www.e-cova.it\/de\/wp-json\/wp\/v2\/comments?post=1986"}],"version-history":[{"count":4,"href":"https:\/\/www.e-cova.it\/de\/wp-json\/wp\/v2\/pages\/1986\/revisions"}],"predecessor-version":[{"id":2064,"href":"https:\/\/www.e-cova.it\/de\/wp-json\/wp\/v2\/pages\/1986\/revisions\/2064"}],"wp:attachment":[{"href":"https:\/\/www.e-cova.it\/de\/wp-json\/wp\/v2\/media?parent=1986"}],"curies":[{"name":"wp","href":"https:\/\/api.w.org\/{rel}","templated":true}]}}