{"id":1983,"date":"2016-02-09T08:44:05","date_gmt":"2016-02-09T07:44:05","guid":{"rendered":"https:\/\/www.e-cova.it\/ambiente\/"},"modified":"2022-06-24T15:52:46","modified_gmt":"2022-06-24T13:52:46","slug":"umwelt","status":"publish","type":"page","link":"https:\/\/www.e-cova.it\/de\/umwelt\/","title":{"rendered":"Umwelt"},"content":{"rendered":"<div class=\"wpb-content-wrapper\"><p>[vc_row css=&#8220;.vc_custom_1456071451842{margin-top: 30px !important;}&#8220;][vc_column][vc_column_text]<img loading=\"lazy\" decoding=\"async\" class=\"xs100 alignleft wp-image-1050 size-thumbnail\" src=\"http:\/\/www.e-cova.it\/wp-content\/uploads\/2016\/02\/ambiente-logo-150x150.png\" alt=\"E-Cova - Recupero e trasformazione gomme superelastiche - Produzione polverino e sfilacciato di gomma - Ambiente\" width=\"150\" height=\"150\" srcset=\"https:\/\/www.e-cova.it\/wp-content\/uploads\/2016\/02\/ambiente-logo-150x150.png 150w, https:\/\/www.e-cova.it\/wp-content\/uploads\/2016\/02\/ambiente-logo.png 230w\" sizes=\"auto, (max-width: 150px) 100vw, 150px\" \/>Die Menschen haben immer gedacht, dass unsere Welt endlose Energiequellen und Rohstoffe hat und unser Verhalten keine Umweltverschmutzung oder Umweltsch\u00e4den verursacht h\u00e4tte. Es war bald klar, dass unsere allt\u00e4glichen Handlungen die Bedingungen unseres Planeten beeinflussen. Die Altreifen verursachen eine gro\u00dfe Umweltverschmutzung.\u00a0J\u00e4hrlich werden in Europa Tausende von Altreifen aufgegeben oder auf M\u00fcllhalden zur\u00fcckgelassen. Sie verschmutzen unsere Landschaften dauerhaft. Eine Zigarette zersetzt sich in zwei Jahren; Aluminiumdosen brauchen hundert Jahre; eine Glasflasche zersetzt sich in tausend Jahren. Was passiert es mit Altreifen? Wir wissen es nicht genau, es wird mehr als tausend Jahre gedacht. Das Europ\u00e4ische Gesetz 1999\/31 \/ EG verbietet die Entsorgung von Industriereifen f\u00fcr Endverbraucher auf Deponien, sowohl in ganzer als auch in geschredderter Form. Das Ziel dieses Gesetzes ist es, eine gro\u00dfe Menge an Rohstoffen einzusparen und gleichzeitig die Umweltverschmutzung zu verringern. Es gibt noch mehr: dank neue Verarbeitungsmethoden, wird das Gummi zu reinem Rohkautschuk zur\u00fcckbringen. Jedes Jahr werden fast 8 Millionen Tonnen Altreifen nicht ordnungsgem\u00e4\u00df entsorgt. Helfen Sie uns, etwas N\u00fctzliches f\u00fcr unsere Umwelt zu tun?[\/vc_column_text][\/vc_column][\/vc_row][vc_row css=&#8220;.vc_custom_1456071473409{margin-top: 30px !important;}&#8220;][vc_column width=&#8220;1\/2&#8243;][vc_single_image image=&#8220;1177&#8243; img_size=&#8220;full&#8220; alignment=&#8220;center&#8220; onclick=&#8220;img_link_large&#8220;][\/vc_column][vc_column width=&#8220;1\/2&#8243;][vc_single_image image=&#8220;1180&#8243; img_size=&#8220;full&#8220; alignment=&#8220;center&#8220; onclick=&#8220;img_link_large&#8220;][\/vc_column][\/vc_row]<\/p>\n<\/div>","protected":false},"excerpt":{"rendered":"[vc_row css=&#8220;.vc_custom_1456071451842{margin-top: 30px !important;}&#8220;][vc_column][vc_column_text]Die Menschen haben immer gedacht, dass unsere Welt endlose Energiequellen und Rohstoffe hat und unser Verhalten keine Umweltverschmutzung oder Umweltsch\u00e4den verursacht h\u00e4tte. Es war bald klar, dass unsere allt\u00e4glichen Handlungen die Bedingungen unseres Planeten beeinflussen. Die Altreifen verursachen eine gro\u00dfe Umweltverschmutzung.\u00a0J\u00e4hrlich werden in Europa Tausende [&hellip;]","protected":false},"author":1,"featured_media":0,"parent":0,"menu_order":0,"comment_status":"open","ping_status":"closed","template":"","meta":{"_acf_changed":false,"om_disable_all_campaigns":false,"_monsterinsights_skip_tracking":false,"_monsterinsights_sitenote_active":false,"_monsterinsights_sitenote_note":"","_monsterinsights_sitenote_category":0,"_uf_show_specific_survey":0,"_uf_disable_surveys":false,"footnotes":""},"class_list":["post-1983","page","type-page","status-publish","hentry"],"acf":[],"aioseo_notices":[],"_links":{"self":[{"href":"https:\/\/www.e-cova.it\/de\/wp-json\/wp\/v2\/pages\/1983","targetHints":{"allow":["GET"]}}],"collection":[{"href":"https:\/\/www.e-cova.it\/de\/wp-json\/wp\/v2\/pages"}],"about":[{"href":"https:\/\/www.e-cova.it\/de\/wp-json\/wp\/v2\/types\/page"}],"author":[{"embeddable":true,"href":"https:\/\/www.e-cova.it\/de\/wp-json\/wp\/v2\/users\/1"}],"replies":[{"embeddable":true,"href":"https:\/\/www.e-cova.it\/de\/wp-json\/wp\/v2\/comments?post=1983"}],"version-history":[{"count":4,"href":"https:\/\/www.e-cova.it\/de\/wp-json\/wp\/v2\/pages\/1983\/revisions"}],"predecessor-version":[{"id":2062,"href":"https:\/\/www.e-cova.it\/de\/wp-json\/wp\/v2\/pages\/1983\/revisions\/2062"}],"wp:attachment":[{"href":"https:\/\/www.e-cova.it\/de\/wp-json\/wp\/v2\/media?parent=1983"}],"curies":[{"name":"wp","href":"https:\/\/api.w.org\/{rel}","templated":true}]}}