{"id":1976,"date":"2016-02-07T18:18:27","date_gmt":"2016-02-07T17:18:27","guid":{"rendered":"https:\/\/www.e-cova.it\/azienda-2\/"},"modified":"2022-06-24T15:51:43","modified_gmt":"2022-06-24T13:51:43","slug":"azienda-2","status":"publish","type":"page","link":"https:\/\/www.e-cova.it\/de\/azienda-2\/","title":{"rendered":"Uber uns"},"content":{"rendered":"<div class=\"wpb-content-wrapper\"><p>[vc_row][vc_column][vc_column_text css=&#8220;.vc_custom_1652275647708{margin-top: 0px !important;margin-bottom: 20px !important;}&#8220;]<\/p>\n<h1>Unser Ziel ist es, die Umwelt zu schonen<\/h1>\n<p>[\/vc_column_text][vc_column_text]<img loading=\"lazy\" decoding=\"async\" class=\"alignleft\" src=\"http:\/\/www.e-cova.it\/wp-content\/uploads\/2015\/09\/logoscelto_ecova-150x150.png\" alt=\"E-Cova - Recupero e trasformazione gomme superelastiche - Produzione polverino e sfilacciato di gomma\" width=\"150\" height=\"150\" \/><\/p>\n<p>E-COVA: eine innovative Firma.<\/p>\n<p>In unserem Werk sammeln und verarbeiten wir Vollreifen und Vollgummi-Bandagenreifen (POB), um Rohmaterial zu erhalten, das wiederverwendet werden kann. Dies ist der einzige legale Weg, um durch die Altreifen zu gelangen, die sonst unsere Umwelt verschmutzen w\u00fcrden. Das Endergebnis des Arbeitsprozesses ist ein marktf\u00e4higes Gummifasern. Unser Ziel ist es, dem Recycelten Materialein zweites Leben zu geben. Heutzutage sind immer mehr Unternehmen im \u00f6ffentlichen und privaten Baugewerbe t\u00e4tig. Diese Industrien ben\u00f6tigen eine zunehmende Menge von Gummiprodukten, um D\u00e4mmplatten, Sicherheitsbodenfliesen und synthetischen Mulch herzustellen. Unter den Eisenbahnschienen wird die Gummifasern auch f\u00fcr Antivibrationsbretter verwendet. Unsere T\u00e4tigkeit besteht darin, den Lebenszyklus von Gummi zu verl\u00e4ngern, indem wir die Vorschriften der Europ\u00e4ischen Union einhalten.<br \/>\nHeutzutage sind immer mehr Unternehmen im \u00f6ffentlichen und privaten Baugewerbe t\u00e4tig. Diese Industrien ben\u00f6tigen eine zunehmende Menge an Poliermitteln, um D\u00e4mmplatten, Sicherheitsbodenfliesen und synthetischen Mulch herzustellen. Unter den Eisenbahnschienen wird das Polieren auch f\u00fcr Antivibrationsbretter verwendet.<br>Wir sind der festen \u00dcberzeugung, dass wir uns engagieren und dazu beitragen m\u00fcssen, die Landschaften unter vollst\u00e4ndiger Einhaltung der EU-Gesetze vor Reifenverschmutzung zu sch\u00fctzen.[\/vc_column_text][\/vc_column][\/vc_row][vc_row css=&#8220;.vc_custom_1456070771684{margin-top: 30px !important;margin-bottom: 0px !important;}&#8220;][vc_column width=&#8220;1\/3&#8243;][vc_single_image image=&#8220;1708&#8243; img_size=&#8220;medium&#8220; alignment=&#8220;center&#8220; onclick=&#8220;img_link_large&#8220;][\/vc_column][vc_column width=&#8220;1\/3&#8243;][vc_single_image image=&#8220;1676&#8243; img_size=&#8220;medium&#8220; alignment=&#8220;center&#8220; onclick=&#8220;img_link_large&#8220;][\/vc_column][vc_column width=&#8220;1\/3&#8243;][vc_single_image image=&#8220;1042&#8243; img_size=&#8220;medium&#8220; alignment=&#8220;center&#8220; onclick=&#8220;img_link_large&#8220;][\/vc_column][\/vc_row]<\/p>\n<\/div>","protected":false},"excerpt":{"rendered":"[vc_row][vc_column][vc_column_text css=&#8220;.vc_custom_1652275647708{margin-top: 0px !important;margin-bottom: 20px !important;}&#8220;] Unser Ziel ist es, die Umwelt zu schonen [\/vc_column_text][vc_column_text] E-COVA: eine innovative Firma. In unserem Werk sammeln und verarbeiten wir Vollreifen und Vollgummi-Bandagenreifen (POB), um Rohmaterial zu erhalten, das wiederverwendet werden kann. Dies ist der einzige legale Weg, um durch die Altreifen [&hellip;]","protected":false},"author":1,"featured_media":0,"parent":0,"menu_order":0,"comment_status":"closed","ping_status":"closed","template":"","meta":{"_acf_changed":false,"om_disable_all_campaigns":false,"_monsterinsights_skip_tracking":false,"_monsterinsights_sitenote_active":false,"_monsterinsights_sitenote_note":"","_monsterinsights_sitenote_category":0,"_uf_show_specific_survey":0,"_uf_disable_surveys":false,"footnotes":""},"class_list":["post-1976","page","type-page","status-publish","hentry"],"acf":[],"aioseo_notices":[],"_links":{"self":[{"href":"https:\/\/www.e-cova.it\/de\/wp-json\/wp\/v2\/pages\/1976","targetHints":{"allow":["GET"]}}],"collection":[{"href":"https:\/\/www.e-cova.it\/de\/wp-json\/wp\/v2\/pages"}],"about":[{"href":"https:\/\/www.e-cova.it\/de\/wp-json\/wp\/v2\/types\/page"}],"author":[{"embeddable":true,"href":"https:\/\/www.e-cova.it\/de\/wp-json\/wp\/v2\/users\/1"}],"replies":[{"embeddable":true,"href":"https:\/\/www.e-cova.it\/de\/wp-json\/wp\/v2\/comments?post=1976"}],"version-history":[{"count":5,"href":"https:\/\/www.e-cova.it\/de\/wp-json\/wp\/v2\/pages\/1976\/revisions"}],"predecessor-version":[{"id":2061,"href":"https:\/\/www.e-cova.it\/de\/wp-json\/wp\/v2\/pages\/1976\/revisions\/2061"}],"wp:attachment":[{"href":"https:\/\/www.e-cova.it\/de\/wp-json\/wp\/v2\/media?parent=1976"}],"curies":[{"name":"wp","href":"https:\/\/api.w.org\/{rel}","templated":true}]}}